{"id":13125,"date":"2020-11-05T03:40:18","date_gmt":"2020-11-05T08:40:18","guid":{"rendered":"https:\/\/revetementmetalliquefr.com\/contact-us\/"},"modified":"2025-03-22T21:20:28","modified_gmt":"2025-03-23T01:20:28","slug":"contact-us","status":"publish","type":"page","link":"https:\/\/revetementmetalliquefr.com\/en\/contact-us\/","title":{"rendered":"Contact us"},"content":{"rendered":"\t\t<div data-elementor-type=\"wp-page\" data-elementor-id=\"13125\" class=\"elementor elementor-13125 elementor-22\">\n\t\t\t\t\t\t<section class=\"elementor-section elementor-top-section elementor-element elementor-element-6eb7de3 elementor-section-boxed elementor-section-height-default elementor-section-height-default\" data-id=\"6eb7de3\" data-element_type=\"section\" data-settings=\"{&quot;background_background&quot;:&quot;classic&quot;}\">\n\t\t\t\t\t\t<div class=\"elementor-container elementor-column-gap-extended\">\n\t\t\t\t\t<div class=\"elementor-column elementor-col-33 elementor-top-column elementor-element elementor-element-6c13dc4\" data-id=\"6c13dc4\" data-element_type=\"column\">\n\t\t\t<div class=\"elementor-widget-wrap elementor-element-populated\">\n\t\t\t\t\t\t<section class=\"elementor-section elementor-inner-section elementor-element elementor-element-83c1807 elementor-section-boxed elementor-section-height-default elementor-section-height-default\" data-id=\"83c1807\" data-element_type=\"section\">\n\t\t\t\t\t\t<div class=\"elementor-container elementor-column-gap-default\">\n\t\t\t\t\t<div class=\"elementor-column elementor-col-100 elementor-inner-column elementor-element elementor-element-eb25905\" data-id=\"eb25905\" data-element_type=\"column\" data-settings=\"{&quot;background_background&quot;:&quot;classic&quot;}\">\n\t\t\t<div class=\"elementor-widget-wrap\">\n\t\t\t\t\t\t\t<\/div>\n\t\t<\/div>\n\t\t\t\t\t<\/div>\n\t\t<\/section>\n\t\t\t\t<div class=\"elementor-element elementor-element-221ab6e elementor-widget elementor-widget-rt-title\" data-id=\"221ab6e\" data-element_type=\"widget\" data-widget_type=\"rt-title.default\">\n\t\t\t\t<div class=\"elementor-widget-container\">\n\t\t\t\t\t<div class=\"heading-default-layout heading-layout1new\">\t\t\t\r\n\t\t\t<div class=\"item-beforetitle item-subtitle\">information<\/div>\t\t\r\n\t\t<h2 class=\"item-title\"> Contact us <\/h2>\r\n\t\t\t\t<p class=\"section-subtitle\">\n<\/p>\r\n\t<\/div>\r\n\t\t\t\t<\/div>\n\t\t\t\t<\/div>\n\t\t\t\t<div class=\"elementor-element elementor-element-c4cb918 elementor-widget elementor-widget-text-editor\" data-id=\"c4cb918\" data-element_type=\"widget\" data-widget_type=\"text-editor.default\">\n\t\t\t\t<div class=\"elementor-widget-container\">\n\t\t\t\t\t\t\t\t\t<p><strong>Rev\u00eatement M\u00e9tallique FR &#8211; Steel roofing specialists<\/strong><\/p><p>Looking for a sheet metal contractor or metal fabricator in the Chaudi\u00e8re-Appalaches region? Rev\u00eatement M\u00e9tallique FR, based in Rimouski, Quebec, is your trusted expert.<\/p><p>We offer tailor-made solutions for your residential, commercial or industrial projects, whether you&#8217;re in the Chaudi\u00e8re-Appalaches, Bas-Saint-Laurent or Gasp\u00e9sie regions.<\/p><p> <\/p><h4>Why choose Rev\u00eatement M\u00e9tallique FR?<\/h4><ul><li>Expertise in the manufacture and installation of durable metal roofs.<\/li><li>High-quality materials adapted to the climatic conditions of your region.<\/li><li>Personalized service to meet the specific needs of each customer.<\/li><\/ul>\t\t\t\t\t\t\t\t<\/div>\n\t\t\t\t<\/div>\n\t\t\t\t<div class=\"elementor-element elementor-element-f43184a elementor-widget elementor-widget-rt-contact\" data-id=\"f43184a\" data-element_type=\"widget\" data-widget_type=\"rt-contact.default\">\n\t\t\t\t<div class=\"elementor-widget-container\">\n\t\t\t\t\t\r\n  \r\n      <div class=\"contact-box-layout15\">\r\n                   <div class=\"media\">\r\n              <div class=\"item-icon\">\r\n                  <i class=\"fas fa-map-marker-alt\"><\/i>\r\n              <\/div>\r\n              <div class=\"media-body space-md\">\r\n                  \r\n                                    <h3 class=\"item-label\"> Our head office address<\/h3>\r\n              \r\n                  <ul class=\"content-style\">\r\n                                  <li>124 Rue du Havre, Rimouski, QC G5M 1Z6\n<\/li>\r\n                                              <\/ul>\r\n              <\/div>\r\n          <\/div>\r\n              <div class=\"media\">\r\n              <div class=\"item-icon\">\r\n                  <i class=\"far fa-envelope\"><\/i>\r\n              <\/div>\r\n              <div class=\"media-body space-md\">\r\n                              <h3 class=\"item-label\">Write to us for information<\/h3>\r\n              \r\n             <ul class=\"content-style\">\r\n                                  <li>info@revetementmetalliquefr.com<\/li>\r\n                                                  <li>comptabilit\u00e9@revetementmetalliquefr.com<\/li>\r\n                              <\/ul>\r\n              <\/div>\r\n          <\/div>\r\n          <div class=\"media\">\r\n              <div class=\"item-icon\">\r\n                  <i class=\"fas fa-phone-volume\"><\/i>\r\n              <\/div>\r\n              <div class=\"media-body space-md\">\r\n                                      <h3 class=\"item-label\">Phone<\/h3>\r\n                                    <ul class=\"content-style\">\r\n                                  <li>+(418) 725-2125<\/li>\r\n                                              <\/ul>\r\n              <\/div>\r\n          <\/div>\r\n      \r\n      <\/div>\r\n\t\t\t\t<\/div>\n\t\t\t\t<\/div>\n\t\t\t\t\t<\/div>\n\t\t<\/div>\n\t\t\t\t<div class=\"elementor-column elementor-col-33 elementor-top-column elementor-element elementor-element-a523cb1\" data-id=\"a523cb1\" data-element_type=\"column\">\n\t\t\t<div class=\"elementor-widget-wrap\">\n\t\t\t\t\t\t\t<\/div>\n\t\t<\/div>\n\t\t\t\t<div class=\"elementor-column elementor-col-33 elementor-top-column elementor-element elementor-element-85ef20b\" data-id=\"85ef20b\" data-element_type=\"column\">\n\t\t\t<div class=\"elementor-widget-wrap elementor-element-populated\">\n\t\t\t\t\t\t<section class=\"elementor-section elementor-inner-section elementor-element elementor-element-4fa3446 elementor-section-boxed elementor-section-height-default elementor-section-height-default\" data-id=\"4fa3446\" data-element_type=\"section\" data-settings=\"{&quot;background_background&quot;:&quot;gradient&quot;}\">\n\t\t\t\t\t\t\t<div class=\"elementor-background-overlay\"><\/div>\n\t\t\t\t\t\t\t<div class=\"elementor-container elementor-column-gap-default\">\n\t\t\t\t\t<div class=\"elementor-column elementor-col-100 elementor-inner-column elementor-element elementor-element-3dc462e\" data-id=\"3dc462e\" data-element_type=\"column\" data-settings=\"{&quot;background_background&quot;:&quot;classic&quot;}\">\n\t\t\t<div class=\"elementor-widget-wrap elementor-element-populated\">\n\t\t\t\t\t<div class=\"elementor-background-overlay\"><\/div>\n\t\t\t\t\t\t<div class=\"elementor-element elementor-element-9ffe3d1 elementor-widget elementor-widget-rt-title\" data-id=\"9ffe3d1\" data-element_type=\"widget\" data-widget_type=\"rt-title.default\">\n\t\t\t\t<div class=\"elementor-widget-container\">\n\t\t\t\t\t<div class=\"heading-default-layout heading-layout1new\">\t\t\t\r\n\t\t\t<div class=\"item-beforetitle item-subtitle\">Need for information<\/div>\t\t\r\n\t\t<h2 class=\"item-title\"> Send us a message <\/h2>\r\n\t\t<\/div>\r\n\t\t\t\t<\/div>\n\t\t\t\t<\/div>\n\t\t\t\t<div class=\"elementor-element elementor-element-77a9f07 elementor-widget elementor-widget-shortcode\" data-id=\"77a9f07\" data-element_type=\"widget\" data-widget_type=\"shortcode.default\">\n\t\t\t\t<div class=\"elementor-widget-container\">\n\t\t\t\t\t\t\t<div class=\"elementor-shortcode\"><p class=\"wpcf7-contact-form-not-found\"><strong>Error:<\/strong> Contact form not found.<\/p><\/div>\n\t\t\t\t\t\t<\/div>\n\t\t\t\t<\/div>\n\t\t\t\t\t<\/div>\n\t\t<\/div>\n\t\t\t\t\t<\/div>\n\t\t<\/section>\n\t\t\t\t\t<\/div>\n\t\t<\/div>\n\t\t\t\t\t<\/div>\n\t\t<\/section>\n\t\t\t\t<section class=\"elementor-section elementor-top-section elementor-element elementor-element-0d90aed elementor-section-full_width elementor-section-height-default elementor-section-height-default\" data-id=\"0d90aed\" data-element_type=\"section\">\n\t\t\t\t\t\t<div class=\"elementor-container elementor-column-gap-no\">\n\t\t\t\t\t<div class=\"elementor-column elementor-col-100 elementor-top-column elementor-element elementor-element-d86e987\" data-id=\"d86e987\" data-element_type=\"column\">\n\t\t\t<div class=\"elementor-widget-wrap elementor-element-populated\">\n\t\t\t\t\t\t<div class=\"elementor-element elementor-element-baf978d elementor-widget elementor-widget-google_maps\" data-id=\"baf978d\" data-element_type=\"widget\" data-widget_type=\"google_maps.default\">\n\t\t\t\t<div class=\"elementor-widget-container\">\n\t\t\t\t\t\t\t<div class=\"elementor-custom-embed\">\n\t\t\t<iframe loading=\"lazy\"\n\t\t\t\t\tsrc=\"https:\/\/maps.google.com\/maps?q=Rev%C3%AAtement%20M%C3%A9tallique%20FR%20124%20Rue%20du%20Havre%2C%20Rimouski%2C%20QC%20G5M%201Z6&#038;t=m&#038;z=10&#038;output=embed&#038;iwloc=near\"\n\t\t\t\t\ttitle=\"Rev\u00eatement M\u00e9tallique FR 124 Rue du Havre, Rimouski, QC G5M 1Z6\"\n\t\t\t\t\taria-label=\"Rev\u00eatement M\u00e9tallique FR 124 Rue du Havre, Rimouski, QC G5M 1Z6\"\n\t\t\t><\/iframe>\n\t\t<\/div>\n\t\t\t\t\t\t<\/div>\n\t\t\t\t<\/div>\n\t\t\t\t\t<\/div>\n\t\t<\/div>\n\t\t\t\t\t<\/div>\n\t\t<\/section>\n\t\t\t\t<\/div>\n\t\t","protected":false},"excerpt":{"rendered":"<p>information Contact us Rev\u00eatement M\u00e9tallique FR &#8211; Steel roofing specialists Looking for a sheet metal contractor or metal fabricator in the Chaudi\u00e8re-Appalaches region? Rev\u00eatement M\u00e9tallique FR, based in Rimouski, Quebec, is your trusted expert. We offer tailor-made solutions for your residential, commercial or industrial projects, whether you&#8217;re in the Chaudi\u00e8re-Appalaches, Bas-Saint-Laurent or Gasp\u00e9sie regions. Why&#8230;<\/p>\n","protected":false},"author":1,"featured_media":0,"parent":0,"menu_order":0,"comment_status":"closed","ping_status":"closed","template":"elementor_header_footer","meta":{"footnotes":""},"class_list":["post-13125","page","type-page","status-publish","hentry"],"aioseo_notices":[],"_links":{"self":[{"href":"https:\/\/revetementmetalliquefr.com\/en\/wp-json\/wp\/v2\/pages\/13125","targetHints":{"allow":["GET"]}}],"collection":[{"href":"https:\/\/revetementmetalliquefr.com\/en\/wp-json\/wp\/v2\/pages"}],"about":[{"href":"https:\/\/revetementmetalliquefr.com\/en\/wp-json\/wp\/v2\/types\/page"}],"author":[{"embeddable":true,"href":"https:\/\/revetementmetalliquefr.com\/en\/wp-json\/wp\/v2\/users\/1"}],"replies":[{"embeddable":true,"href":"https:\/\/revetementmetalliquefr.com\/en\/wp-json\/wp\/v2\/comments?post=13125"}],"version-history":[{"count":8,"href":"https:\/\/revetementmetalliquefr.com\/en\/wp-json\/wp\/v2\/pages\/13125\/revisions"}],"predecessor-version":[{"id":13655,"href":"https:\/\/revetementmetalliquefr.com\/en\/wp-json\/wp\/v2\/pages\/13125\/revisions\/13655"}],"wp:attachment":[{"href":"https:\/\/revetementmetalliquefr.com\/en\/wp-json\/wp\/v2\/media?parent=13125"}],"curies":[{"name":"wp","href":"https:\/\/api.w.org\/{rel}","templated":true}]}}